{"id":3980,"date":"2015-10-09T20:27:51","date_gmt":"2015-10-09T20:27:51","guid":{"rendered":"https:\/\/micropartes.com.mx\/?page_id=3980&#038;lang=en"},"modified":"2024-12-03T09:03:51","modified_gmt":"2024-12-03T15:03:51","slug":"tuercas","status":"publish","type":"page","link":"https:\/\/micropartes.com.mx\/en\/tuercas\/","title":{"rendered":"Tuercas"},"content":{"rendered":"\n<h1 class=\"wp-block-heading\">Tuercas &#8211; Proveedores de confianza<br><\/h1>\n\n\n\n<p>Las tuercas son componentes fundamentales en cualquier sistema de fijaci\u00f3n, dise\u00f1adas para complementar tornillos y pernos, proporcionando una uni\u00f3n segura y resistente. Gracias a su dise\u00f1o roscado, ofrecen estabilidad y permiten ajustes precisos en una amplia variedad de aplicaciones, desde trabajos dom\u00e9sticos hasta proyectos industriales. <\/p>\n\n\n\n<p>Disponibles en diferentes materiales, formas y tama\u00f1os, las tuercas son indispensables para garantizar la durabilidad y funcionalidad de estructuras y dispositivos. <\/p>\n","protected":false},"excerpt":{"rendered":"<p>Tuercas &#8211; Proveedores de confianza Las tuercas son componentes fundamentales en cualquier sistema de fijaci\u00f3n, dise\u00f1adas para complementar tornillos y pernos, proporcionando una uni\u00f3n segura y<span class=\"excerpt-hellip\"> [\u2026]<\/span><\/p>\n","protected":false},"author":2,"featured_media":13083,"parent":0,"menu_order":0,"comment_status":"closed","ping_status":"closed","template":"","meta":{"content-type":"","footnotes":""},"class_list":["post-3980","page","type-page","status-publish","has-post-thumbnail","hentry"],"yoast_head":"<!-- This site is optimized with the Yoast SEO plugin v27.3 - https:\/\/yoast.com\/product\/yoast-seo-wordpress\/ -->\n<title>Tuercas - Sujetadores de pl\u00e1stico - Proveedor Micro Partes\u00ae<\/title>\n<meta name=\"description\" content=\"Fabricaci\u00f3n, Comercializaci\u00f3n y Distribuci\u00f3n de Piezas Pl\u00e1sticas de Sujeci\u00f3n y Componentes, con la avanzada tecnolog\u00eda. Proveedor de tuercas.\" \/>\n<meta name=\"robots\" content=\"index, follow, max-snippet:-1, max-image-preview:large, max-video-preview:-1\" \/>\n<link rel=\"canonical\" href=\"https:\/\/micropartes.com.mx\/en\/tuercas\/\" \/>\n<meta property=\"og:locale\" content=\"en_US\" \/>\n<meta property=\"og:type\" content=\"article\" \/>\n<meta property=\"og:title\" content=\"Tuercas - Sujetadores de pl\u00e1stico - Proveedor Micro Partes\u00ae\" \/>\n<meta property=\"og:description\" content=\"Fabricaci\u00f3n, Comercializaci\u00f3n y Distribuci\u00f3n de Piezas Pl\u00e1sticas de Sujeci\u00f3n y Componentes, con la avanzada tecnolog\u00eda. Proveedor de tuercas.\" \/>\n<meta property=\"og:url\" content=\"https:\/\/micropartes.com.mx\/en\/tuercas\/\" \/>\n<meta property=\"og:site_name\" content=\"Micro Partes&reg; Plastic Fasteners\" \/>\n<meta property=\"article:publisher\" content=\"https:\/\/www.facebook.com\/micropartes\/\" \/>\n<meta property=\"article:modified_time\" content=\"2024-12-03T15:03:51+00:00\" \/>\n<meta property=\"og:image\" content=\"https:\/\/micropartes.com.mx\/wp-content\/uploads\/2021\/02\/TUERCAS-e1614198761297.jpg\" \/>\n\t<meta property=\"og:image:width\" content=\"300\" \/>\n\t<meta property=\"og:image:height\" content=\"300\" \/>\n\t<meta property=\"og:image:type\" content=\"image\/jpeg\" \/>\n<meta name=\"twitter:card\" content=\"summary_large_image\" \/>\n<meta name=\"twitter:title\" content=\"Tuercas - Sujetadores de pl\u00e1stico - Proveedor Micro Partes\u00ae\" \/>\n<meta name=\"twitter:description\" content=\"Fabricaci\u00f3n, Comercializaci\u00f3n y Distribuci\u00f3n de Piezas Pl\u00e1sticas de Sujeci\u00f3n y Componentes, con la avanzada tecnolog\u00eda. Proveedor de tuercas.\" \/>\n<meta name=\"twitter:image\" content=\"https:\/\/micropartes.com.mx\/wp-content\/uploads\/2021\/02\/TUERCAS-e1614198761297.jpg\" \/>\n<meta name=\"twitter:site\" content=\"@MicroPartes\" \/>\n<meta name=\"twitter:label1\" content=\"Est. reading time\" \/>\n\t<meta name=\"twitter:data1\" content=\"1 minute\" \/>\n<script type=\"application\/ld+json\" class=\"yoast-schema-graph\">{\"@context\":\"https:\\\/\\\/schema.org\",\"@graph\":[{\"@type\":\"WebPage\",\"@id\":\"https:\\\/\\\/micropartes.com.mx\\\/en\\\/tuercas\\\/\",\"url\":\"https:\\\/\\\/micropartes.com.mx\\\/en\\\/tuercas\\\/\",\"name\":\"Tuercas - Sujetadores de pl\u00e1stico - Proveedor Micro Partes\u00ae\",\"isPartOf\":{\"@id\":\"https:\\\/\\\/micropartes.com.mx\\\/en\\\/#website\"},\"primaryImageOfPage\":{\"@id\":\"https:\\\/\\\/micropartes.com.mx\\\/en\\\/tuercas\\\/#primaryimage\"},\"image\":{\"@id\":\"https:\\\/\\\/micropartes.com.mx\\\/en\\\/tuercas\\\/#primaryimage\"},\"thumbnailUrl\":\"https:\\\/\\\/micropartes.com.mx\\\/wp-content\\\/uploads\\\/2020\\\/12\\\/TUERCAS.jpg\",\"datePublished\":\"2015-10-09T20:27:51+00:00\",\"dateModified\":\"2024-12-03T15:03:51+00:00\",\"description\":\"Fabricaci\u00f3n, Comercializaci\u00f3n y Distribuci\u00f3n de Piezas Pl\u00e1sticas de Sujeci\u00f3n y Componentes, con la avanzada tecnolog\u00eda. Proveedor de tuercas.\",\"breadcrumb\":{\"@id\":\"https:\\\/\\\/micropartes.com.mx\\\/en\\\/tuercas\\\/#breadcrumb\"},\"inLanguage\":\"en-US\",\"potentialAction\":[{\"@type\":\"ReadAction\",\"target\":[\"https:\\\/\\\/micropartes.com.mx\\\/en\\\/tuercas\\\/\"]}]},{\"@type\":\"ImageObject\",\"inLanguage\":\"en-US\",\"@id\":\"https:\\\/\\\/micropartes.com.mx\\\/en\\\/tuercas\\\/#primaryimage\",\"url\":\"https:\\\/\\\/micropartes.com.mx\\\/wp-content\\\/uploads\\\/2020\\\/12\\\/TUERCAS.jpg\",\"contentUrl\":\"https:\\\/\\\/micropartes.com.mx\\\/wp-content\\\/uploads\\\/2020\\\/12\\\/TUERCAS.jpg\",\"width\":1000,\"height\":1000},{\"@type\":\"BreadcrumbList\",\"@id\":\"https:\\\/\\\/micropartes.com.mx\\\/en\\\/tuercas\\\/#breadcrumb\",\"itemListElement\":[{\"@type\":\"ListItem\",\"position\":1,\"name\":\"Portada\",\"item\":\"https:\\\/\\\/micropartes.com.mx\\\/en\\\/inicio-2\\\/\"},{\"@type\":\"ListItem\",\"position\":2,\"name\":\"Tuercas\"}]},{\"@type\":\"WebSite\",\"@id\":\"https:\\\/\\\/micropartes.com.mx\\\/en\\\/#website\",\"url\":\"https:\\\/\\\/micropartes.com.mx\\\/en\\\/\",\"name\":\"Micro Partes&reg; Plastic Fasteners\",\"description\":\"Plastic Fasteners &amp; Plastic Components\",\"potentialAction\":[{\"@type\":\"SearchAction\",\"target\":{\"@type\":\"EntryPoint\",\"urlTemplate\":\"https:\\\/\\\/micropartes.com.mx\\\/en\\\/?s={search_term_string}\"},\"query-input\":{\"@type\":\"PropertyValueSpecification\",\"valueRequired\":true,\"valueName\":\"search_term_string\"}}],\"inLanguage\":\"en-US\"}]}<\/script>\n<!-- \/ Yoast SEO plugin. -->","yoast_head_json":{"title":"Tuercas - Sujetadores de pl\u00e1stico - Proveedor Micro Partes\u00ae","description":"Fabricaci\u00f3n, Comercializaci\u00f3n y Distribuci\u00f3n de Piezas Pl\u00e1sticas de Sujeci\u00f3n y Componentes, con la avanzada tecnolog\u00eda. Proveedor de tuercas.","robots":{"index":"index","follow":"follow","max-snippet":"max-snippet:-1","max-image-preview":"max-image-preview:large","max-video-preview":"max-video-preview:-1"},"canonical":"https:\/\/micropartes.com.mx\/en\/tuercas\/","og_locale":"en_US","og_type":"article","og_title":"Tuercas - Sujetadores de pl\u00e1stico - Proveedor Micro Partes\u00ae","og_description":"Fabricaci\u00f3n, Comercializaci\u00f3n y Distribuci\u00f3n de Piezas Pl\u00e1sticas de Sujeci\u00f3n y Componentes, con la avanzada tecnolog\u00eda. Proveedor de tuercas.","og_url":"https:\/\/micropartes.com.mx\/en\/tuercas\/","og_site_name":"Micro Partes&reg; Plastic Fasteners","article_publisher":"https:\/\/www.facebook.com\/micropartes\/","article_modified_time":"2024-12-03T15:03:51+00:00","og_image":[{"width":300,"height":300,"url":"https:\/\/micropartes.com.mx\/wp-content\/uploads\/2021\/02\/TUERCAS-e1614198761297.jpg","type":"image\/jpeg"}],"twitter_card":"summary_large_image","twitter_title":"Tuercas - Sujetadores de pl\u00e1stico - Proveedor Micro Partes\u00ae","twitter_description":"Fabricaci\u00f3n, Comercializaci\u00f3n y Distribuci\u00f3n de Piezas Pl\u00e1sticas de Sujeci\u00f3n y Componentes, con la avanzada tecnolog\u00eda. Proveedor de tuercas.","twitter_image":"https:\/\/micropartes.com.mx\/wp-content\/uploads\/2021\/02\/TUERCAS-e1614198761297.jpg","twitter_site":"@MicroPartes","twitter_misc":{"Est. reading time":"1 minute"},"schema":{"@context":"https:\/\/schema.org","@graph":[{"@type":"WebPage","@id":"https:\/\/micropartes.com.mx\/en\/tuercas\/","url":"https:\/\/micropartes.com.mx\/en\/tuercas\/","name":"Tuercas - Sujetadores de pl\u00e1stico - Proveedor Micro Partes\u00ae","isPartOf":{"@id":"https:\/\/micropartes.com.mx\/en\/#website"},"primaryImageOfPage":{"@id":"https:\/\/micropartes.com.mx\/en\/tuercas\/#primaryimage"},"image":{"@id":"https:\/\/micropartes.com.mx\/en\/tuercas\/#primaryimage"},"thumbnailUrl":"https:\/\/micropartes.com.mx\/wp-content\/uploads\/2020\/12\/TUERCAS.jpg","datePublished":"2015-10-09T20:27:51+00:00","dateModified":"2024-12-03T15:03:51+00:00","description":"Fabricaci\u00f3n, Comercializaci\u00f3n y Distribuci\u00f3n de Piezas Pl\u00e1sticas de Sujeci\u00f3n y Componentes, con la avanzada tecnolog\u00eda. Proveedor de tuercas.","breadcrumb":{"@id":"https:\/\/micropartes.com.mx\/en\/tuercas\/#breadcrumb"},"inLanguage":"en-US","potentialAction":[{"@type":"ReadAction","target":["https:\/\/micropartes.com.mx\/en\/tuercas\/"]}]},{"@type":"ImageObject","inLanguage":"en-US","@id":"https:\/\/micropartes.com.mx\/en\/tuercas\/#primaryimage","url":"https:\/\/micropartes.com.mx\/wp-content\/uploads\/2020\/12\/TUERCAS.jpg","contentUrl":"https:\/\/micropartes.com.mx\/wp-content\/uploads\/2020\/12\/TUERCAS.jpg","width":1000,"height":1000},{"@type":"BreadcrumbList","@id":"https:\/\/micropartes.com.mx\/en\/tuercas\/#breadcrumb","itemListElement":[{"@type":"ListItem","position":1,"name":"Portada","item":"https:\/\/micropartes.com.mx\/en\/inicio-2\/"},{"@type":"ListItem","position":2,"name":"Tuercas"}]},{"@type":"WebSite","@id":"https:\/\/micropartes.com.mx\/en\/#website","url":"https:\/\/micropartes.com.mx\/en\/","name":"Micro Partes&reg; Plastic Fasteners","description":"Plastic Fasteners &amp; Plastic Components","potentialAction":[{"@type":"SearchAction","target":{"@type":"EntryPoint","urlTemplate":"https:\/\/micropartes.com.mx\/en\/?s={search_term_string}"},"query-input":{"@type":"PropertyValueSpecification","valueRequired":true,"valueName":"search_term_string"}}],"inLanguage":"en-US"}]}},"_links":{"self":[{"href":"https:\/\/micropartes.com.mx\/en\/wp-json\/wp\/v2\/pages\/3980","targetHints":{"allow":["GET"]}}],"collection":[{"href":"https:\/\/micropartes.com.mx\/en\/wp-json\/wp\/v2\/pages"}],"about":[{"href":"https:\/\/micropartes.com.mx\/en\/wp-json\/wp\/v2\/types\/page"}],"author":[{"embeddable":true,"href":"https:\/\/micropartes.com.mx\/en\/wp-json\/wp\/v2\/users\/2"}],"replies":[{"embeddable":true,"href":"https:\/\/micropartes.com.mx\/en\/wp-json\/wp\/v2\/comments?post=3980"}],"version-history":[{"count":18,"href":"https:\/\/micropartes.com.mx\/en\/wp-json\/wp\/v2\/pages\/3980\/revisions"}],"predecessor-version":[{"id":15896,"href":"https:\/\/micropartes.com.mx\/en\/wp-json\/wp\/v2\/pages\/3980\/revisions\/15896"}],"wp:featuredmedia":[{"embeddable":true,"href":"https:\/\/micropartes.com.mx\/en\/wp-json\/wp\/v2\/media\/13083"}],"wp:attachment":[{"href":"https:\/\/micropartes.com.mx\/en\/wp-json\/wp\/v2\/media?parent=3980"}],"curies":[{"name":"wp","href":"https:\/\/api.w.org\/{rel}","templated":true}]}}