{"id":3951,"date":"2015-10-09T20:22:01","date_gmt":"2015-10-09T20:22:01","guid":{"rendered":"https:\/\/micropartes.com.mx\/material-para-tableros-de-circuitos\/?lang=en"},"modified":"2024-12-20T10:17:05","modified_gmt":"2024-12-20T16:17:05","slug":"material-para-tableros-de-circuitos","status":"publish","type":"page","link":"https:\/\/micropartes.com.mx\/en\/material-para-tableros-de-circuitos\/","title":{"rendered":"Material para tableros de circuitos"},"content":{"rendered":"\n<h1 class=\"wp-block-heading\">Material para tableros de circuitos &#8211; Proveedores de confianza<br><\/h1>\n\n\n\n<p>El material para tableros de circuitos es esencial para garantizar el correcto ensamblaje, funcionamiento y mantenimiento de componentes electr\u00f3nicos. Desde espaciadores y sujetadores hasta conectores especializados, estos elementos permiten asegurar las piezas, mejorar la ventilaci\u00f3n y proteger los circuitos de da\u00f1os. <\/p>\n\n\n\n<p>\u00a1Descubre c\u00f3mo estos productos pueden optimizar tus proyectos electr\u00f3nicos!<\/p>\n","protected":false},"excerpt":{"rendered":"<p>Material para tableros de circuitos &#8211; Proveedores de confianza El material para tableros de circuitos es esencial para garantizar el correcto ensamblaje, funcionamiento y mantenimiento de<span class=\"excerpt-hellip\"> [\u2026]<\/span><\/p>\n","protected":false},"author":2,"featured_media":13078,"parent":0,"menu_order":0,"comment_status":"closed","ping_status":"closed","template":"","meta":{"content-type":"","footnotes":""},"class_list":["post-3951","page","type-page","status-publish","has-post-thumbnail","hentry"],"yoast_head":"<!-- This site is optimized with the Yoast SEO plugin v27.3 - https:\/\/yoast.com\/product\/yoast-seo-wordpress\/ -->\n<title>Material para tableros de circuitos - Proveedor Sujetadores de Pl\u00e1stico<\/title>\n<meta name=\"description\" content=\"Fabricaci\u00f3n, Comercializaci\u00f3n y Distribuci\u00f3n de Piezas Pl\u00e1sticas de Sujeci\u00f3n y Componentes. Proveedor de material para tableros de circuitos.\" \/>\n<meta name=\"robots\" content=\"index, follow, max-snippet:-1, max-image-preview:large, max-video-preview:-1\" \/>\n<link rel=\"canonical\" href=\"https:\/\/micropartes.com.mx\/en\/material-para-tableros-de-circuitos\/\" \/>\n<meta property=\"og:locale\" content=\"en_US\" \/>\n<meta property=\"og:type\" content=\"article\" \/>\n<meta property=\"og:title\" content=\"Material para Tableros de Circuitos - Sujetadores de pl\u00e1stico - Provedor Micro Partes\u00ae\" \/>\n<meta property=\"og:description\" content=\"Fabricaci\u00f3n, Comercializaci\u00f3n y Distribuci\u00f3n de Piezas Pl\u00e1sticas de Sujeci\u00f3n y Componentes. Proveedor de material para tableros de circuitos.\" \/>\n<meta property=\"og:url\" content=\"https:\/\/micropartes.com.mx\/en\/material-para-tableros-de-circuitos\/\" \/>\n<meta property=\"og:site_name\" content=\"Micro Partes&reg; Plastic Fasteners\" \/>\n<meta property=\"article:publisher\" content=\"https:\/\/www.facebook.com\/micropartes\/\" \/>\n<meta property=\"article:modified_time\" content=\"2024-12-20T16:17:05+00:00\" \/>\n<meta property=\"og:image\" content=\"https:\/\/micropartes.com.mx\/wp-content\/uploads\/2021\/02\/imagen_2021-02-26_004154-e1614321770873.png\" \/>\n\t<meta property=\"og:image:width\" content=\"300\" \/>\n\t<meta property=\"og:image:height\" content=\"300\" \/>\n\t<meta property=\"og:image:type\" content=\"image\/png\" \/>\n<meta name=\"twitter:card\" content=\"summary_large_image\" \/>\n<meta name=\"twitter:title\" content=\"Material para Tableros de Circuitos - Sujetadores de pl\u00e1stico - Provedor Micro Partes\u00ae\" \/>\n<meta name=\"twitter:description\" content=\"Fabricaci\u00f3n, Comercializaci\u00f3n y Distribuci\u00f3n de Piezas Pl\u00e1sticas de Sujeci\u00f3n y Componentes. Proveedor de material para tableros de circuitos.\" \/>\n<meta name=\"twitter:image\" content=\"https:\/\/micropartes.com.mx\/wp-content\/uploads\/2021\/02\/imagen_2021-02-26_004154-e1614321770873.png\" \/>\n<meta name=\"twitter:site\" content=\"@MicroPartes\" \/>\n<meta name=\"twitter:label1\" content=\"Est. reading time\" \/>\n\t<meta name=\"twitter:data1\" content=\"1 minute\" \/>\n<script type=\"application\/ld+json\" class=\"yoast-schema-graph\">{\"@context\":\"https:\\\/\\\/schema.org\",\"@graph\":[{\"@type\":\"WebPage\",\"@id\":\"https:\\\/\\\/micropartes.com.mx\\\/en\\\/material-para-tableros-de-circuitos\\\/\",\"url\":\"https:\\\/\\\/micropartes.com.mx\\\/en\\\/material-para-tableros-de-circuitos\\\/\",\"name\":\"Material para tableros de circuitos - Proveedor Sujetadores de Pl\u00e1stico\",\"isPartOf\":{\"@id\":\"https:\\\/\\\/micropartes.com.mx\\\/en\\\/#website\"},\"primaryImageOfPage\":{\"@id\":\"https:\\\/\\\/micropartes.com.mx\\\/en\\\/material-para-tableros-de-circuitos\\\/#primaryimage\"},\"image\":{\"@id\":\"https:\\\/\\\/micropartes.com.mx\\\/en\\\/material-para-tableros-de-circuitos\\\/#primaryimage\"},\"thumbnailUrl\":\"https:\\\/\\\/micropartes.com.mx\\\/wp-content\\\/uploads\\\/2020\\\/12\\\/MATERIAL-PARA-TABLEROS-DE-CIRCUITOS.jpg\",\"datePublished\":\"2015-10-09T20:22:01+00:00\",\"dateModified\":\"2024-12-20T16:17:05+00:00\",\"description\":\"Fabricaci\u00f3n, Comercializaci\u00f3n y Distribuci\u00f3n de Piezas Pl\u00e1sticas de Sujeci\u00f3n y Componentes. Proveedor de material para tableros de circuitos.\",\"breadcrumb\":{\"@id\":\"https:\\\/\\\/micropartes.com.mx\\\/en\\\/material-para-tableros-de-circuitos\\\/#breadcrumb\"},\"inLanguage\":\"en-US\",\"potentialAction\":[{\"@type\":\"ReadAction\",\"target\":[\"https:\\\/\\\/micropartes.com.mx\\\/en\\\/material-para-tableros-de-circuitos\\\/\"]}]},{\"@type\":\"ImageObject\",\"inLanguage\":\"en-US\",\"@id\":\"https:\\\/\\\/micropartes.com.mx\\\/en\\\/material-para-tableros-de-circuitos\\\/#primaryimage\",\"url\":\"https:\\\/\\\/micropartes.com.mx\\\/wp-content\\\/uploads\\\/2020\\\/12\\\/MATERIAL-PARA-TABLEROS-DE-CIRCUITOS.jpg\",\"contentUrl\":\"https:\\\/\\\/micropartes.com.mx\\\/wp-content\\\/uploads\\\/2020\\\/12\\\/MATERIAL-PARA-TABLEROS-DE-CIRCUITOS.jpg\",\"width\":1000,\"height\":1000},{\"@type\":\"BreadcrumbList\",\"@id\":\"https:\\\/\\\/micropartes.com.mx\\\/en\\\/material-para-tableros-de-circuitos\\\/#breadcrumb\",\"itemListElement\":[{\"@type\":\"ListItem\",\"position\":1,\"name\":\"Portada\",\"item\":\"https:\\\/\\\/micropartes.com.mx\\\/en\\\/inicio-2\\\/\"},{\"@type\":\"ListItem\",\"position\":2,\"name\":\"Material para tableros de circuitos\"}]},{\"@type\":\"WebSite\",\"@id\":\"https:\\\/\\\/micropartes.com.mx\\\/en\\\/#website\",\"url\":\"https:\\\/\\\/micropartes.com.mx\\\/en\\\/\",\"name\":\"Micro Partes&reg; Plastic Fasteners\",\"description\":\"Plastic Fasteners &amp; Plastic Components\",\"potentialAction\":[{\"@type\":\"SearchAction\",\"target\":{\"@type\":\"EntryPoint\",\"urlTemplate\":\"https:\\\/\\\/micropartes.com.mx\\\/en\\\/?s={search_term_string}\"},\"query-input\":{\"@type\":\"PropertyValueSpecification\",\"valueRequired\":true,\"valueName\":\"search_term_string\"}}],\"inLanguage\":\"en-US\"}]}<\/script>\n<!-- \/ Yoast SEO plugin. -->","yoast_head_json":{"title":"Material para tableros de circuitos - Proveedor Sujetadores de Pl\u00e1stico","description":"Fabricaci\u00f3n, Comercializaci\u00f3n y Distribuci\u00f3n de Piezas Pl\u00e1sticas de Sujeci\u00f3n y Componentes. Proveedor de material para tableros de circuitos.","robots":{"index":"index","follow":"follow","max-snippet":"max-snippet:-1","max-image-preview":"max-image-preview:large","max-video-preview":"max-video-preview:-1"},"canonical":"https:\/\/micropartes.com.mx\/en\/material-para-tableros-de-circuitos\/","og_locale":"en_US","og_type":"article","og_title":"Material para Tableros de Circuitos - Sujetadores de pl\u00e1stico - Provedor Micro Partes\u00ae","og_description":"Fabricaci\u00f3n, Comercializaci\u00f3n y Distribuci\u00f3n de Piezas Pl\u00e1sticas de Sujeci\u00f3n y Componentes. Proveedor de material para tableros de circuitos.","og_url":"https:\/\/micropartes.com.mx\/en\/material-para-tableros-de-circuitos\/","og_site_name":"Micro Partes&reg; Plastic Fasteners","article_publisher":"https:\/\/www.facebook.com\/micropartes\/","article_modified_time":"2024-12-20T16:17:05+00:00","og_image":[{"width":300,"height":300,"url":"https:\/\/micropartes.com.mx\/wp-content\/uploads\/2021\/02\/imagen_2021-02-26_004154-e1614321770873.png","type":"image\/png"}],"twitter_card":"summary_large_image","twitter_title":"Material para Tableros de Circuitos - Sujetadores de pl\u00e1stico - Provedor Micro Partes\u00ae","twitter_description":"Fabricaci\u00f3n, Comercializaci\u00f3n y Distribuci\u00f3n de Piezas Pl\u00e1sticas de Sujeci\u00f3n y Componentes. Proveedor de material para tableros de circuitos.","twitter_image":"https:\/\/micropartes.com.mx\/wp-content\/uploads\/2021\/02\/imagen_2021-02-26_004154-e1614321770873.png","twitter_site":"@MicroPartes","twitter_misc":{"Est. reading time":"1 minute"},"schema":{"@context":"https:\/\/schema.org","@graph":[{"@type":"WebPage","@id":"https:\/\/micropartes.com.mx\/en\/material-para-tableros-de-circuitos\/","url":"https:\/\/micropartes.com.mx\/en\/material-para-tableros-de-circuitos\/","name":"Material para tableros de circuitos - Proveedor Sujetadores de Pl\u00e1stico","isPartOf":{"@id":"https:\/\/micropartes.com.mx\/en\/#website"},"primaryImageOfPage":{"@id":"https:\/\/micropartes.com.mx\/en\/material-para-tableros-de-circuitos\/#primaryimage"},"image":{"@id":"https:\/\/micropartes.com.mx\/en\/material-para-tableros-de-circuitos\/#primaryimage"},"thumbnailUrl":"https:\/\/micropartes.com.mx\/wp-content\/uploads\/2020\/12\/MATERIAL-PARA-TABLEROS-DE-CIRCUITOS.jpg","datePublished":"2015-10-09T20:22:01+00:00","dateModified":"2024-12-20T16:17:05+00:00","description":"Fabricaci\u00f3n, Comercializaci\u00f3n y Distribuci\u00f3n de Piezas Pl\u00e1sticas de Sujeci\u00f3n y Componentes. Proveedor de material para tableros de circuitos.","breadcrumb":{"@id":"https:\/\/micropartes.com.mx\/en\/material-para-tableros-de-circuitos\/#breadcrumb"},"inLanguage":"en-US","potentialAction":[{"@type":"ReadAction","target":["https:\/\/micropartes.com.mx\/en\/material-para-tableros-de-circuitos\/"]}]},{"@type":"ImageObject","inLanguage":"en-US","@id":"https:\/\/micropartes.com.mx\/en\/material-para-tableros-de-circuitos\/#primaryimage","url":"https:\/\/micropartes.com.mx\/wp-content\/uploads\/2020\/12\/MATERIAL-PARA-TABLEROS-DE-CIRCUITOS.jpg","contentUrl":"https:\/\/micropartes.com.mx\/wp-content\/uploads\/2020\/12\/MATERIAL-PARA-TABLEROS-DE-CIRCUITOS.jpg","width":1000,"height":1000},{"@type":"BreadcrumbList","@id":"https:\/\/micropartes.com.mx\/en\/material-para-tableros-de-circuitos\/#breadcrumb","itemListElement":[{"@type":"ListItem","position":1,"name":"Portada","item":"https:\/\/micropartes.com.mx\/en\/inicio-2\/"},{"@type":"ListItem","position":2,"name":"Material para tableros de circuitos"}]},{"@type":"WebSite","@id":"https:\/\/micropartes.com.mx\/en\/#website","url":"https:\/\/micropartes.com.mx\/en\/","name":"Micro Partes&reg; Plastic Fasteners","description":"Plastic Fasteners &amp; Plastic Components","potentialAction":[{"@type":"SearchAction","target":{"@type":"EntryPoint","urlTemplate":"https:\/\/micropartes.com.mx\/en\/?s={search_term_string}"},"query-input":{"@type":"PropertyValueSpecification","valueRequired":true,"valueName":"search_term_string"}}],"inLanguage":"en-US"}]}},"_links":{"self":[{"href":"https:\/\/micropartes.com.mx\/en\/wp-json\/wp\/v2\/pages\/3951","targetHints":{"allow":["GET"]}}],"collection":[{"href":"https:\/\/micropartes.com.mx\/en\/wp-json\/wp\/v2\/pages"}],"about":[{"href":"https:\/\/micropartes.com.mx\/en\/wp-json\/wp\/v2\/types\/page"}],"author":[{"embeddable":true,"href":"https:\/\/micropartes.com.mx\/en\/wp-json\/wp\/v2\/users\/2"}],"replies":[{"embeddable":true,"href":"https:\/\/micropartes.com.mx\/en\/wp-json\/wp\/v2\/comments?post=3951"}],"version-history":[{"count":12,"href":"https:\/\/micropartes.com.mx\/en\/wp-json\/wp\/v2\/pages\/3951\/revisions"}],"predecessor-version":[{"id":15885,"href":"https:\/\/micropartes.com.mx\/en\/wp-json\/wp\/v2\/pages\/3951\/revisions\/15885"}],"wp:featuredmedia":[{"embeddable":true,"href":"https:\/\/micropartes.com.mx\/en\/wp-json\/wp\/v2\/media\/13078"}],"wp:attachment":[{"href":"https:\/\/micropartes.com.mx\/en\/wp-json\/wp\/v2\/media?parent=3951"}],"curies":[{"name":"wp","href":"https:\/\/api.w.org\/{rel}","templated":true}]}}